{"id":165,"date":"2020-09-08T16:34:05","date_gmt":"2020-09-08T16:34:05","guid":{"rendered":"http:\/\/eraikume.com\/?page_id=165"},"modified":"2020-10-29T16:45:03","modified_gmt":"2020-10-29T16:45:03","slug":"albanileria","status":"publish","type":"page","link":"https:\/\/eraikume.com\/index.php\/albanileria\/","title":{"rendered":"Alba\u00f1iler\u00eda"},"content":{"rendered":"\t\t<div data-elementor-type=\"wp-page\" data-elementor-id=\"165\" class=\"elementor elementor-165\" data-elementor-settings=\"[]\">\n\t\t\t\t\t\t<div class=\"elementor-inner\">\n\t\t\t\t\t\t\t<div class=\"elementor-section-wrap\">\n\t\t\t\t\t\t\t<section class=\"elementor-section elementor-top-section elementor-element elementor-element-256eb0aa elementor-section-height-min-height elementor-section-content-middle elementor-section-boxed elementor-section-height-default elementor-section-items-middle\" data-id=\"256eb0aa\" data-element_type=\"section\" data-settings=\"{&quot;background_background&quot;:&quot;classic&quot;}\">\n\t\t\t\t\t\t\t<div class=\"elementor-background-overlay\"><\/div>\n\t\t\t\t\t\t\t<div class=\"elementor-container elementor-column-gap-default\">\n\t\t\t\t\t\t\t<div class=\"elementor-row\">\n\t\t\t\t\t<div class=\"elementor-column elementor-col-100 elementor-top-column elementor-element elementor-element-219c667\" data-id=\"219c667\" data-element_type=\"column\">\n\t\t\t<div class=\"elementor-column-wrap elementor-element-populated\">\n\t\t\t\t\t\t\t<div class=\"elementor-widget-wrap\">\n\t\t\t\t\t\t<div class=\"elementor-element elementor-element-6c0f1e0 elementor-widget elementor-widget-heading\" data-id=\"6c0f1e0\" data-element_type=\"widget\" data-widget_type=\"heading.default\">\n\t\t\t\t<div class=\"elementor-widget-container\">\n\t\t\t<h1 class=\"elementor-heading-title elementor-size-xxl\">Alba\u00f1iler\u00eda y m\u00e1s<\/h1>\t\t<\/div>\n\t\t\t\t<\/div>\n\t\t\t\t\t\t<\/div>\n\t\t\t\t\t<\/div>\n\t\t<\/div>\n\t\t\t\t\t\t\t\t<\/div>\n\t\t\t\t\t<\/div>\n\t\t<\/section>\n\t\t\t\t<section class=\"elementor-section elementor-top-section elementor-element elementor-element-2dba806 elementor-section-boxed elementor-section-height-default elementor-section-height-default\" data-id=\"2dba806\" data-element_type=\"section\">\n\t\t\t\t\t\t<div class=\"elementor-container elementor-column-gap-default\">\n\t\t\t\t\t\t\t<div class=\"elementor-row\">\n\t\t\t\t\t<div class=\"elementor-column elementor-col-100 elementor-top-column elementor-element elementor-element-ff18a28\" data-id=\"ff18a28\" data-element_type=\"column\">\n\t\t\t<div class=\"elementor-column-wrap elementor-element-populated\">\n\t\t\t\t\t\t\t<div class=\"elementor-widget-wrap\">\n\t\t\t\t\t\t<div class=\"elementor-element elementor-element-ae72361 elementor-widget elementor-widget-spacer\" data-id=\"ae72361\" data-element_type=\"widget\" data-widget_type=\"spacer.default\">\n\t\t\t\t<div class=\"elementor-widget-container\">\n\t\t\t\t\t<div class=\"elementor-spacer\">\n\t\t\t<div class=\"elementor-spacer-inner\"><\/div>\n\t\t<\/div>\n\t\t\t\t<\/div>\n\t\t\t\t<\/div>\n\t\t\t\t\t\t<\/div>\n\t\t\t\t\t<\/div>\n\t\t<\/div>\n\t\t\t\t\t\t\t\t<\/div>\n\t\t\t\t\t<\/div>\n\t\t<\/section>\n\t\t\t\t<section class=\"elementor-section elementor-top-section elementor-element elementor-element-f812061 elementor-section-boxed elementor-section-height-default elementor-section-height-default\" data-id=\"f812061\" data-element_type=\"section\">\n\t\t\t\t\t\t<div class=\"elementor-container elementor-column-gap-default\">\n\t\t\t\t\t\t\t<div class=\"elementor-row\">\n\t\t\t\t\t<div class=\"elementor-column elementor-col-25 elementor-top-column elementor-element elementor-element-6660d10\" data-id=\"6660d10\" data-element_type=\"column\">\n\t\t\t<div class=\"elementor-column-wrap\">\n\t\t\t\t\t\t\t<div class=\"elementor-widget-wrap\">\n\t\t\t\t\t\t\t\t<\/div>\n\t\t\t\t\t<\/div>\n\t\t<\/div>\n\t\t\t\t<div class=\"elementor-column elementor-col-25 elementor-top-column elementor-element elementor-element-8ae22a2\" data-id=\"8ae22a2\" data-element_type=\"column\">\n\t\t\t<div class=\"elementor-column-wrap elementor-element-populated\">\n\t\t\t\t\t\t\t<div class=\"elementor-widget-wrap\">\n\t\t\t\t\t\t<div class=\"elementor-element elementor-element-80a8798 elementor-widget elementor-widget-text-editor\" data-id=\"80a8798\" data-element_type=\"widget\" data-widget_type=\"text-editor.default\">\n\t\t\t\t<div class=\"elementor-widget-container\">\n\t\t\t\t\t<div class=\"elementor-text-editor elementor-clearfix\"><p>En Eraikume, llevamos 20 a\u00f1os trabajando en el sector de las obras, reformas y reparaciones. Nos encargamos de todo tipo de encargos\u00a0 y labores de alba\u00f1iler\u00eda, mamposter\u00eda, alicatados, trabajos de fontaner\u00eda, electricidad, carpinter\u00eda, tambi\u00e9n trabajos de herrer\u00eda, pladur e incluso limpieza&#8230; en definitiva todo lo que necesites en tu vivienda, local o edificio.\u00a0<\/p><p>Ya sean tareas sueltas y puntuales o una obra de reforma m\u00e1s compleja de principio a fin estamos a tu servicio para que todo salga mejor de lo que esperabas. Cons\u00faltanos.<\/p><p>\u00a0<\/p><\/div>\n\t\t\t\t<\/div>\n\t\t\t\t<\/div>\n\t\t\t\t\t\t<\/div>\n\t\t\t\t\t<\/div>\n\t\t<\/div>\n\t\t\t\t<div class=\"elementor-column elementor-col-50 elementor-top-column elementor-element elementor-element-cabc964\" data-id=\"cabc964\" data-element_type=\"column\">\n\t\t\t<div class=\"elementor-column-wrap elementor-element-populated\">\n\t\t\t\t\t\t\t<div class=\"elementor-widget-wrap\">\n\t\t\t\t\t\t<div class=\"elementor-element elementor-element-22bf42d elementor-widget elementor-widget-image\" data-id=\"22bf42d\" data-element_type=\"widget\" data-widget_type=\"image.default\">\n\t\t\t\t<div class=\"elementor-widget-container\">\n\t\t\t\t\t<div class=\"elementor-image\">\n\t\t\t\t\t\t\t\t\t\t<img width=\"768\" height=\"512\" src=\"https:\/\/eraikume.com\/wp-content\/uploads\/2020\/08\/henry-co-3coKbdfnAFg-unsplash-768x512.jpg\" class=\"attachment-medium_large size-medium_large\" alt=\"\" loading=\"lazy\" srcset=\"https:\/\/eraikume.com\/wp-content\/uploads\/2020\/08\/henry-co-3coKbdfnAFg-unsplash-768x512.jpg 768w, https:\/\/eraikume.com\/wp-content\/uploads\/2020\/08\/henry-co-3coKbdfnAFg-unsplash-300x200.jpg 300w, https:\/\/eraikume.com\/wp-content\/uploads\/2020\/08\/henry-co-3coKbdfnAFg-unsplash-1024x683.jpg 1024w, https:\/\/eraikume.com\/wp-content\/uploads\/2020\/08\/henry-co-3coKbdfnAFg-unsplash-1536x1024.jpg 1536w, https:\/\/eraikume.com\/wp-content\/uploads\/2020\/08\/henry-co-3coKbdfnAFg-unsplash-2048x1365.jpg 2048w, https:\/\/eraikume.com\/wp-content\/uploads\/2020\/08\/henry-co-3coKbdfnAFg-unsplash-930x620.jpg 930w\" sizes=\"(max-width: 768px) 100vw, 768px\" \/>\t\t\t\t\t\t\t\t\t\t\t<\/div>\n\t\t\t\t<\/div>\n\t\t\t\t<\/div>\n\t\t\t\t\t\t<\/div>\n\t\t\t\t\t<\/div>\n\t\t<\/div>\n\t\t\t\t\t\t\t\t<\/div>\n\t\t\t\t\t<\/div>\n\t\t<\/section>\n\t\t\t\t<section class=\"elementor-section elementor-top-section elementor-element elementor-element-971af20 elementor-section-boxed elementor-section-height-default elementor-section-height-default\" data-id=\"971af20\" data-element_type=\"section\">\n\t\t\t\t\t\t<div class=\"elementor-container elementor-column-gap-default\">\n\t\t\t\t\t\t\t<div class=\"elementor-row\">\n\t\t\t\t\t<div class=\"elementor-column elementor-col-100 elementor-top-column elementor-element elementor-element-8cb037d\" data-id=\"8cb037d\" data-element_type=\"column\">\n\t\t\t<div class=\"elementor-column-wrap elementor-element-populated\">\n\t\t\t\t\t\t\t<div class=\"elementor-widget-wrap\">\n\t\t\t\t\t\t<div class=\"elementor-element elementor-element-39c29e4 elementor-align-center elementor-widget elementor-widget-button\" data-id=\"39c29e4\" data-element_type=\"widget\" data-widget_type=\"button.default\">\n\t\t\t\t<div class=\"elementor-widget-container\">\n\t\t\t\t\t<div class=\"elementor-button-wrapper\">\n\t\t\t<a href=\"https:\/\/eraikume.com\/index.php\/contacta-con-nosotras\/\" class=\"elementor-button-link elementor-button elementor-size-sm elementor-animation-grow\" role=\"button\">\n\t\t\t\t\t\t<span class=\"elementor-button-content-wrapper\">\n\t\t\t\t\t\t<span class=\"elementor-button-text\">\u00bfHablamos?<\/span>\n\t\t<\/span>\n\t\t\t\t\t<\/a>\n\t\t<\/div>\n\t\t\t\t<\/div>\n\t\t\t\t<\/div>\n\t\t\t\t\t\t<\/div>\n\t\t\t\t\t<\/div>\n\t\t<\/div>\n\t\t\t\t\t\t\t\t<\/div>\n\t\t\t\t\t<\/div>\n\t\t<\/section>\n\t\t\t\t\t\t<\/div>\n\t\t\t\t\t\t<\/div>\n\t\t\t\t\t<\/div>\n\t\t","protected":false},"excerpt":{"rendered":"<p>Alba\u00f1iler\u00eda y m\u00e1s En Eraikume, llevamos 20 a\u00f1os trabajando en el sector de las obras, reformas y reparaciones. Nos encargamos de todo tipo de encargos\u00a0 y labores de alba\u00f1iler\u00eda, mamposter\u00eda, alicatados, trabajos de fontaner\u00eda, electricidad, carpinter\u00eda, tambi\u00e9n trabajos de herrer\u00eda, pladur e incluso limpieza&#8230; en definitiva todo lo que necesites en tu vivienda, local o&hellip;&nbsp;<a href=\"https:\/\/eraikume.com\/index.php\/albanileria\/\" class=\"\" rel=\"bookmark\">Leer m\u00e1s &raquo;<span class=\"screen-reader-text\">Alba\u00f1iler\u00eda<\/span><\/a><\/p>\n","protected":false},"author":1,"featured_media":0,"parent":0,"menu_order":0,"comment_status":"closed","ping_status":"closed","template":"page-templates\/template-pagebuilder-full-width.php","meta":{"neve_meta_sidebar":"full-width","neve_meta_container":"","neve_meta_enable_content_width":"on","neve_meta_content_width":100,"neve_meta_title_alignment":"","neve_meta_author_avatar":"","neve_post_elements_order":"","neve_meta_disable_header":"","neve_meta_disable_footer":"","neve_meta_disable_title":""},"_links":{"self":[{"href":"https:\/\/eraikume.com\/index.php\/wp-json\/wp\/v2\/pages\/165"}],"collection":[{"href":"https:\/\/eraikume.com\/index.php\/wp-json\/wp\/v2\/pages"}],"about":[{"href":"https:\/\/eraikume.com\/index.php\/wp-json\/wp\/v2\/types\/page"}],"author":[{"embeddable":true,"href":"https:\/\/eraikume.com\/index.php\/wp-json\/wp\/v2\/users\/1"}],"replies":[{"embeddable":true,"href":"https:\/\/eraikume.com\/index.php\/wp-json\/wp\/v2\/comments?post=165"}],"version-history":[{"count":23,"href":"https:\/\/eraikume.com\/index.php\/wp-json\/wp\/v2\/pages\/165\/revisions"}],"predecessor-version":[{"id":530,"href":"https:\/\/eraikume.com\/index.php\/wp-json\/wp\/v2\/pages\/165\/revisions\/530"}],"wp:attachment":[{"href":"https:\/\/eraikume.com\/index.php\/wp-json\/wp\/v2\/media?parent=165"}],"curies":[{"name":"wp","href":"https:\/\/api.w.org\/{rel}","templated":true}]}}